{"id":4995,"date":"2024-03-03T17:24:14","date_gmt":"2024-03-03T17:24:14","guid":{"rendered":"https:\/\/www.igema.net\/cookie-policy\/"},"modified":"2024-06-24T08:56:14","modified_gmt":"2024-06-24T08:56:14","slug":"cookie-policy","status":"publish","type":"page","link":"https:\/\/www.igema.net\/en\/cookie-policy\/","title":{"rendered":"Cookie Policy"},"content":{"rendered":"\t\t<div data-elementor-type=\"wp-page\" data-elementor-id=\"4995\" class=\"elementor elementor-4995 elementor-1355\" data-elementor-post-type=\"page\">\n\t\t\t\t<div class=\"elementor-element elementor-element-5a76d896 e-flex e-con-boxed e-con e-parent\" data-id=\"5a76d896\" data-element_type=\"container\">\n\t\t\t\t\t<div class=\"e-con-inner\">\n\t\t<div class=\"elementor-element elementor-element-2d1791de e-flex e-con-boxed e-con e-child\" data-id=\"2d1791de\" data-element_type=\"container\">\n\t\t\t\t\t<div class=\"e-con-inner\">\n\t\t<div class=\"elementor-element elementor-element-7cf8be83 e-con-full e-flex e-con e-child\" data-id=\"7cf8be83\" data-element_type=\"container\">\n\t\t<div class=\"elementor-element elementor-element-46eafd60 e-flex e-con-boxed e-con e-child\" data-id=\"46eafd60\" data-element_type=\"container\">\n\t\t\t\t\t<div class=\"e-con-inner\">\n\t\t\t\t<div class=\"elementor-element elementor-element-43ce7fbb elementor-widget elementor-widget-heading\" data-id=\"43ce7fbb\" data-element_type=\"widget\" data-widget_type=\"heading.default\">\n\t\t\t\t<div class=\"elementor-widget-container\">\n\t\t\t<style>\/*! elementor - v3.22.0 - 17-06-2024 *\/\n.elementor-heading-title{padding:0;margin:0;line-height:1}.elementor-widget-heading .elementor-heading-title[class*=elementor-size-]>a{color:inherit;font-size:inherit;line-height:inherit}.elementor-widget-heading .elementor-heading-title.elementor-size-small{font-size:15px}.elementor-widget-heading .elementor-heading-title.elementor-size-medium{font-size:19px}.elementor-widget-heading .elementor-heading-title.elementor-size-large{font-size:29px}.elementor-widget-heading .elementor-heading-title.elementor-size-xl{font-size:39px}.elementor-widget-heading .elementor-heading-title.elementor-size-xxl{font-size:59px}<\/style><h2 class=\"elementor-heading-title elementor-size-default\">COOKIES POLICY<\/h2>\t\t<\/div>\n\t\t\t\t<\/div>\n\t\t\t\t<div class=\"elementor-element elementor-element-57366ab4 elementor-widget-divider--view-line elementor-widget elementor-widget-divider\" data-id=\"57366ab4\" data-element_type=\"widget\" data-widget_type=\"divider.default\">\n\t\t\t\t<div class=\"elementor-widget-container\">\n\t\t\t<style>\/*! elementor - v3.22.0 - 17-06-2024 *\/\n.elementor-widget-divider{--divider-border-style:none;--divider-border-width:1px;--divider-color:#0c0d0e;--divider-icon-size:20px;--divider-element-spacing:10px;--divider-pattern-height:24px;--divider-pattern-size:20px;--divider-pattern-url:none;--divider-pattern-repeat:repeat-x}.elementor-widget-divider .elementor-divider{display:flex}.elementor-widget-divider .elementor-divider__text{font-size:15px;line-height:1;max-width:95%}.elementor-widget-divider .elementor-divider__element{margin:0 var(--divider-element-spacing);flex-shrink:0}.elementor-widget-divider .elementor-icon{font-size:var(--divider-icon-size)}.elementor-widget-divider .elementor-divider-separator{display:flex;margin:0;direction:ltr}.elementor-widget-divider--view-line_icon .elementor-divider-separator,.elementor-widget-divider--view-line_text .elementor-divider-separator{align-items:center}.elementor-widget-divider--view-line_icon .elementor-divider-separator:after,.elementor-widget-divider--view-line_icon .elementor-divider-separator:before,.elementor-widget-divider--view-line_text .elementor-divider-separator:after,.elementor-widget-divider--view-line_text .elementor-divider-separator:before{display:block;content:\"\";border-block-end:0;flex-grow:1;border-block-start:var(--divider-border-width) var(--divider-border-style) var(--divider-color)}.elementor-widget-divider--element-align-left .elementor-divider .elementor-divider-separator>.elementor-divider__svg:first-of-type{flex-grow:0;flex-shrink:100}.elementor-widget-divider--element-align-left .elementor-divider-separator:before{content:none}.elementor-widget-divider--element-align-left .elementor-divider__element{margin-left:0}.elementor-widget-divider--element-align-right .elementor-divider .elementor-divider-separator>.elementor-divider__svg:last-of-type{flex-grow:0;flex-shrink:100}.elementor-widget-divider--element-align-right .elementor-divider-separator:after{content:none}.elementor-widget-divider--element-align-right .elementor-divider__element{margin-right:0}.elementor-widget-divider--element-align-start .elementor-divider .elementor-divider-separator>.elementor-divider__svg:first-of-type{flex-grow:0;flex-shrink:100}.elementor-widget-divider--element-align-start .elementor-divider-separator:before{content:none}.elementor-widget-divider--element-align-start .elementor-divider__element{margin-inline-start:0}.elementor-widget-divider--element-align-end .elementor-divider .elementor-divider-separator>.elementor-divider__svg:last-of-type{flex-grow:0;flex-shrink:100}.elementor-widget-divider--element-align-end .elementor-divider-separator:after{content:none}.elementor-widget-divider--element-align-end .elementor-divider__element{margin-inline-end:0}.elementor-widget-divider:not(.elementor-widget-divider--view-line_text):not(.elementor-widget-divider--view-line_icon) .elementor-divider-separator{border-block-start:var(--divider-border-width) var(--divider-border-style) var(--divider-color)}.elementor-widget-divider--separator-type-pattern{--divider-border-style:none}.elementor-widget-divider--separator-type-pattern.elementor-widget-divider--view-line .elementor-divider-separator,.elementor-widget-divider--separator-type-pattern:not(.elementor-widget-divider--view-line) .elementor-divider-separator:after,.elementor-widget-divider--separator-type-pattern:not(.elementor-widget-divider--view-line) .elementor-divider-separator:before,.elementor-widget-divider--separator-type-pattern:not([class*=elementor-widget-divider--view]) .elementor-divider-separator{width:100%;min-height:var(--divider-pattern-height);-webkit-mask-size:var(--divider-pattern-size) 100%;mask-size:var(--divider-pattern-size) 100%;-webkit-mask-repeat:var(--divider-pattern-repeat);mask-repeat:var(--divider-pattern-repeat);background-color:var(--divider-color);-webkit-mask-image:var(--divider-pattern-url);mask-image:var(--divider-pattern-url)}.elementor-widget-divider--no-spacing{--divider-pattern-size:auto}.elementor-widget-divider--bg-round{--divider-pattern-repeat:round}.rtl .elementor-widget-divider .elementor-divider__text{direction:rtl}.e-con-inner>.elementor-widget-divider,.e-con>.elementor-widget-divider{width:var(--container-widget-width,100%);--flex-grow:var(--container-widget-flex-grow)}<\/style>\t\t<div class=\"elementor-divider\">\n\t\t\t<span class=\"elementor-divider-separator\">\n\t\t\t\t\t\t<\/span>\n\t\t<\/div>\n\t\t\t\t<\/div>\n\t\t\t\t<\/div>\n\t\t\t\t<div class=\"elementor-element elementor-element-1f282043 elementor-widget elementor-widget-text-editor\" data-id=\"1f282043\" data-element_type=\"widget\" data-widget_type=\"text-editor.default\">\n\t\t\t\t<div class=\"elementor-widget-container\">\n\t\t\t<style>\/*! elementor - v3.22.0 - 17-06-2024 *\/\n.elementor-widget-text-editor.elementor-drop-cap-view-stacked .elementor-drop-cap{background-color:#69727d;color:#fff}.elementor-widget-text-editor.elementor-drop-cap-view-framed .elementor-drop-cap{color:#69727d;border:3px solid;background-color:transparent}.elementor-widget-text-editor:not(.elementor-drop-cap-view-default) .elementor-drop-cap{margin-top:8px}.elementor-widget-text-editor:not(.elementor-drop-cap-view-default) .elementor-drop-cap-letter{width:1em;height:1em}.elementor-widget-text-editor .elementor-drop-cap{float:left;text-align:center;line-height:1;font-size:50px}.elementor-widget-text-editor .elementor-drop-cap-letter{display:inline-block}<\/style>\t\t\t\t<p>This website uses its own and third party cookies to offer you a better experience and service. By browsing or using our services the user accepts our use of cookies. However, the user has the option to prevent the generation of cookies and the elimination of the same by selecting the appropriate option in your browser. In case of blocking the use of cookies in your browser it is possible that some services or functionalities of the website may not be available.   <\/p>\n<h6><span style=\"color: #0285ca;\">What is a cookie?<\/span><\/h6>\n<p>A &#8216;cookie&#8217; is a small piece of text that websites send to the browser and that is stored on the user&#8217;s terminal, which can be a personal computer, cell phone, tablet, etc. These files allow the website to remember information about your visit, such as language and preferred options, which can make your next visit easier and make the site more useful by personalizing its content. Cookies play a very important role in improving the experience of using the website.  <\/p>\n<h6><span style=\"color: #0285ca;\">How are cookies used?<\/span><\/h6>\n<p>By browsing this web portal the user is accepting that cookies may be installed in his terminal and that they allow us to know the following information:<\/p>\n<p>Statistical information on the use of the web.<\/p>\n<p>The user&#8217;s login to keep the session active on the website.<\/p>\n<p>The preferred web format for access from mobile devices.<\/p>\n<p>The last searches performed in the web services and personalization data of these services.<\/p>\n<p>Information about the advertisements shown to the user.<\/p>\n<p>Information on the surveys in which the user has participated.<\/p>\n<p>Social network connection data for users who log in with their Facebook or Twitter user.<\/p>\n<p>Types of cookies used<\/p>\n<p>This website uses both temporary session cookies and persistent cookies. Session cookies store data only while the user accesses the website and persistent cookies store data in the terminal to be accessed and used in more than one session. <\/p>\n<p>Depending on the purpose for which the data obtained through cookies are processed, the website may use:<\/p>\n<h6><span style=\"color: #0285ca;\">Technical cookies<\/span><\/h6>\n<p>They are those that allow the user to navigate through the website or application and the use of the different options or services that exist in it. For example, control traffic and data communication, identify the session, access restricted web parts, remember the elements that make up an order, make the application for registration or participation in an event, use security features while browsing and store content for broadcast video or sound. <\/p>\n<h6><span style=\"color: #0285ca;\">Personalization cookies<\/span><\/h6>\n<p>These are those that allow the user to access the service with some general characteristics predefined in the terminal or defined by the user. For example, the language, the type of browser through which you access the service, the selected content design, geolocation of the terminal and the regional configuration from where the service is accessed.<\/p>\n<h6><span style=\"color: #0285ca;\">Advertising Cookies<\/span><\/h6>\n<p>Son aqu\u00e9llas que permiten la gesti\u00f3n eficaz de los espacios publicitarios que se han incluido en la p\u00e1gina web o aplicaci\u00f3n desde la que se presta el servicio. Permiten adecuar el contenido de la publicidad para que esta sea relevante para el usuario y para evitar mostrar anuncios que el usuario ya haya visto. <\/p>\n<h6><span style=\"color: #0285ca;\">Statistical analysis cookies<\/span><\/h6>\n<p>Son aqu\u00e9llas que permiten realizar el seguimiento y an\u00e1lisis del comportamiento de los usuarios en los sitios web. La informaci\u00f3n recogida mediante este tipo de \u2018cookies\u2019 se utiliza en la medici\u00f3n de la actividad de los sitios web, aplicaci\u00f3n o plataforma y para la elaboraci\u00f3n de perfiles de navegaci\u00f3n de los usuarios de dichos sitios, con el fin de introducir mejoras en el servicio en funci\u00f3n de los datos de uso que hacen los usuarios. <\/p>\n<h6><span style=\"color: #0285ca;\">Third-party cookies<\/span><\/h6>\n<p>En algunas p\u00e1ginas web se pueden instalar \u2018cookies\u2019 de terceros que permiten gestionar y mejorar los servicios ofrecidos. Como por ejemplo, servicios estad\u00edsticos de Google Analytics y Comscore. <\/p>\n<p>How to disable Cookies and Web Bugs in the main browsers:<\/p>\n<p>It is usually possible to stop accepting browser Cookies, or to stop accepting Cookies from a particular Service.<\/p>\n<p>Todos los navegadores modernos permiten cambiar la configuraci\u00f3n de Cookies. Estos ajustes normalmente se encuentra en las \u2018opciones\u2019 o \u2018Preferencias\u2019 del men\u00fa de su navegador. Asimismo, puede configurar su navegador o su gestor de correo electr\u00f3nico, as\u00ed como instalar complementos gratuitos para evitar que se descarguen los Web Bugs al abrir un email.  <\/p>\n<p>The <strong>FUNDACI\u00d3N FOMACI\u00d3N Y FUTURO<\/strong> website offers guidance to the User on how to access the cookies configuration menu and, where appropriate, private browsing in each of the main browsers:<\/p>\n<ul>\n<li><strong>Internet Explorer:<\/strong> Tools -&gt; Internet Options -&gt; Privacy -&gt; Settings.<\/li>\n<\/ul>\n<p>For more information, you can consult <a href=\"http:\/\/windows.microsoft.com\/es-ES\/windows\/support\" data-saferedirecturl=\"https:\/\/www.google.com\/url?q=http:\/\/windows.microsoft.com\/es-ES\/windows\/support&amp;source=gmail&amp;ust=1672475617171000&amp;usg=AOvVaw3FQW6Nr7mLgE3GOI-RM9Gz\">Microsoft support<\/a> or the browser&#8217;s Help.<\/p>\n<ul>\n<li><strong>Firefox:<\/strong> Tools -&gt; Options -&gt; Privacy -&gt; History -&gt; Custom Settings<\/li>\n<\/ul>\n<p>For more information, you can consult <a href=\"http:\/\/support.mozilla.org\/es\/home\" data-saferedirecturl=\"https:\/\/www.google.com\/url?q=http:\/\/support.mozilla.org\/es\/home&amp;source=gmail&amp;ust=1672475617171000&amp;usg=AOvVaw0rC9gNbRN1QWigDQ4rTXwm\">Mozilla support<\/a> or the browser&#8217;s Help.<\/p>\n<ul>\n<li><strong>Chrome:<\/strong> Settings -&gt; Show advanced options -&gt; Privacy -&gt; Content settings.<\/li>\n<\/ul>\n<p>For more information, you can consult <a href=\"http:\/\/support.google.com\/chrome\/?hl=es\" data-saferedirecturl=\"https:\/\/www.google.com\/url?q=http:\/\/support.google.com\/chrome\/?hl%3Des&amp;source=gmail&amp;ust=1672475617171000&amp;usg=AOvVaw30YAGf2ouXPWyNLz4CMt9p\">Google support<\/a> or browser Help.<\/p>\n<ul>\n<li><strong>Safari:<\/strong> Preferences -&gt; Security.<\/li>\n<\/ul>\n<p>For more information, you can consult <a href=\"https:\/\/support.apple.com\/es-es\/safari\" data-saferedirecturl=\"https:\/\/www.google.com\/url?q=https:\/\/support.apple.com\/es-es\/safari&amp;source=gmail&amp;ust=1672475617171000&amp;usg=AOvVaw3pBFJ4ww8B59VVwIaPNib6\">Apple support<\/a> or the browser&#8217;s Help.<\/p>\n<h6><span style=\"color: #0285ca;\">What happens if Cookies are disabled<\/span><\/h6>\n<p>Some functionalities of the Services will be disabled such as, for example, remaining logged in, keeping purchases in the &#8220;shopping cart&#8221; in an e-commerce Service, receiving information directed to your location or viewing some videos.<\/p>\n<h6><span style=\"color: #0285ca;\">UPDATES AND CHANGES TO THE PRIVACY \/ COOKIE POLICY<\/span><\/h6>\n<p>The <strong>IGEMA<\/strong> website of the <strong>FUTURE AND TRAINING FOUNDATION<\/strong> may modify this Cookies Policy according to legislative or regulatory requirements, or in order to adapt the policy to the instructions issued by the Spanish Data Protection Agency, so Users are advised to visit it periodically.<\/p>\n<p>When significant changes are made to this Cookie Policy, they will be communicated to Users either through the website or via email to registered Users.<\/p>\n<h6><span style=\"color: #0285ca;\">Legal information<\/span><\/h6>\n<p>In compliance with the Law on Information Society Services and Electronic Commerce (Law 34\/2002 &#8211; LSSI-CE), in force since October 12, 2002, the following information is hereby made public:<\/p>\n<p>&gt;Purpose of the website: Presentation of technical and commercial information on available products and services.<br \/>Responsible for the website: <strong>IGEMA of the FOUNDATION TRAINING AND FUTURE FOUNDATION<\/strong><br \/>Contact us:<\/p>\n<ul>\n<li><em>Tel. +34 932 914 112<\/em><\/li>\n<li><em><a href=\"mailto:info@igema.net\"><a href=\"mailto:info@igema.net\">info@igema.net<\/a><\/a><\/em><\/li>\n<\/ul>\n\t\t\t\t\t\t<\/div>\n\t\t\t\t<\/div>\n\t\t\t\t\t<\/div>\n\t\t\t\t<\/div>\n\t\t\t\t<\/div>\n\t\t\t\t\t<\/div>\n\t\t\t\t<\/div>\n\t\t\t\t\t<\/div>\n\t\t\t\t<\/div>\n\t\t\t\t<\/div>\n\t\t","protected":false},"excerpt":{"rendered":"<p>COOKIES POLICY This website uses its own and third party cookies to offer you a better experience and service. By browsing or using our services the user accepts our use of cookies. However, the user has the option to prevent the generation of cookies and the elimination of the same by selecting the appropriate option [&hellip;]<\/p>\n","protected":false},"author":1,"featured_media":0,"parent":0,"menu_order":0,"comment_status":"closed","ping_status":"closed","template":"elementor_theme","meta":{"footnotes":""},"class_list":["post-4995","page","type-page","status-publish","hentry"],"yoast_head":"<!-- This site is optimized with the Yoast SEO plugin v27.5 - https:\/\/yoast.com\/product\/yoast-seo-wordpress\/ -->\n<title>Cookie Policy - IGEMA<\/title>\n<meta name=\"description\" content=\"ADE Degree IGEMA Barcelona Master&#039;s Degree Postgraduate Robotics Business Administration and Management cookies policy\" \/>\n<meta name=\"robots\" content=\"index, follow, max-snippet:-1, max-image-preview:large, max-video-preview:-1\" \/>\n<link rel=\"canonical\" href=\"https:\/\/www.igema.net\/en\/cookie-policy\/\" \/>\n<meta property=\"og:locale\" content=\"en_US\" \/>\n<meta property=\"og:type\" content=\"article\" \/>\n<meta property=\"og:title\" content=\"Cookie Policy - IGEMA\" \/>\n<meta property=\"og:description\" content=\"ADE Degree IGEMA Barcelona Master&#039;s Degree Postgraduate Robotics Business Administration and Management cookies policy\" \/>\n<meta property=\"og:url\" content=\"https:\/\/www.igema.net\/en\/cookie-policy\/\" \/>\n<meta property=\"og:site_name\" content=\"IGEMA\" \/>\n<meta property=\"article:modified_time\" content=\"2024-06-24T08:56:14+00:00\" \/>\n<meta name=\"twitter:card\" content=\"summary_large_image\" \/>\n<meta name=\"twitter:label1\" content=\"Est. reading time\" \/>\n\t<meta name=\"twitter:data1\" content=\"5 minutes\" \/>\n<script type=\"application\/ld+json\" class=\"yoast-schema-graph\">{\"@context\":\"https:\\\/\\\/schema.org\",\"@graph\":[{\"@type\":\"WebPage\",\"@id\":\"https:\\\/\\\/www.igema.net\\\/en\\\/cookie-policy\\\/\",\"url\":\"https:\\\/\\\/www.igema.net\\\/en\\\/cookie-policy\\\/\",\"name\":\"Cookie Policy - IGEMA\",\"isPartOf\":{\"@id\":\"https:\\\/\\\/www.igema.net\\\/en\\\/#website\"},\"datePublished\":\"2024-03-03T17:24:14+00:00\",\"dateModified\":\"2024-06-24T08:56:14+00:00\",\"description\":\"ADE Degree IGEMA Barcelona Master's Degree Postgraduate Robotics Business Administration and Management cookies policy\",\"breadcrumb\":{\"@id\":\"https:\\\/\\\/www.igema.net\\\/en\\\/cookie-policy\\\/#breadcrumb\"},\"inLanguage\":\"en-US\",\"potentialAction\":[{\"@type\":\"ReadAction\",\"target\":[\"https:\\\/\\\/www.igema.net\\\/en\\\/cookie-policy\\\/\"]}]},{\"@type\":\"BreadcrumbList\",\"@id\":\"https:\\\/\\\/www.igema.net\\\/en\\\/cookie-policy\\\/#breadcrumb\",\"itemListElement\":[{\"@type\":\"ListItem\",\"position\":1,\"name\":\"Inicio\",\"item\":\"https:\\\/\\\/www.igema.net\\\/en\\\/\"},{\"@type\":\"ListItem\",\"position\":2,\"name\":\"Cookie Policy\"}]},{\"@type\":\"WebSite\",\"@id\":\"https:\\\/\\\/www.igema.net\\\/en\\\/#website\",\"url\":\"https:\\\/\\\/www.igema.net\\\/en\\\/\",\"name\":\"IGEMA\",\"description\":\"IGEMA Business School\",\"potentialAction\":[{\"@type\":\"SearchAction\",\"target\":{\"@type\":\"EntryPoint\",\"urlTemplate\":\"https:\\\/\\\/www.igema.net\\\/en\\\/?s={search_term_string}\"},\"query-input\":{\"@type\":\"PropertyValueSpecification\",\"valueRequired\":true,\"valueName\":\"search_term_string\"}}],\"inLanguage\":\"en-US\"}]}<\/script>\n<!-- \/ Yoast SEO plugin. -->","yoast_head_json":{"title":"Cookie Policy - IGEMA","description":"ADE Degree IGEMA Barcelona Master's Degree Postgraduate Robotics Business Administration and Management cookies policy","robots":{"index":"index","follow":"follow","max-snippet":"max-snippet:-1","max-image-preview":"max-image-preview:large","max-video-preview":"max-video-preview:-1"},"canonical":"https:\/\/www.igema.net\/en\/cookie-policy\/","og_locale":"en_US","og_type":"article","og_title":"Cookie Policy - IGEMA","og_description":"ADE Degree IGEMA Barcelona Master's Degree Postgraduate Robotics Business Administration and Management cookies policy","og_url":"https:\/\/www.igema.net\/en\/cookie-policy\/","og_site_name":"IGEMA","article_modified_time":"2024-06-24T08:56:14+00:00","twitter_card":"summary_large_image","twitter_misc":{"Est. reading time":"5 minutes"},"schema":{"@context":"https:\/\/schema.org","@graph":[{"@type":"WebPage","@id":"https:\/\/www.igema.net\/en\/cookie-policy\/","url":"https:\/\/www.igema.net\/en\/cookie-policy\/","name":"Cookie Policy - IGEMA","isPartOf":{"@id":"https:\/\/www.igema.net\/en\/#website"},"datePublished":"2024-03-03T17:24:14+00:00","dateModified":"2024-06-24T08:56:14+00:00","description":"ADE Degree IGEMA Barcelona Master's Degree Postgraduate Robotics Business Administration and Management cookies policy","breadcrumb":{"@id":"https:\/\/www.igema.net\/en\/cookie-policy\/#breadcrumb"},"inLanguage":"en-US","potentialAction":[{"@type":"ReadAction","target":["https:\/\/www.igema.net\/en\/cookie-policy\/"]}]},{"@type":"BreadcrumbList","@id":"https:\/\/www.igema.net\/en\/cookie-policy\/#breadcrumb","itemListElement":[{"@type":"ListItem","position":1,"name":"Inicio","item":"https:\/\/www.igema.net\/en\/"},{"@type":"ListItem","position":2,"name":"Cookie Policy"}]},{"@type":"WebSite","@id":"https:\/\/www.igema.net\/en\/#website","url":"https:\/\/www.igema.net\/en\/","name":"IGEMA","description":"IGEMA Business School","potentialAction":[{"@type":"SearchAction","target":{"@type":"EntryPoint","urlTemplate":"https:\/\/www.igema.net\/en\/?s={search_term_string}"},"query-input":{"@type":"PropertyValueSpecification","valueRequired":true,"valueName":"search_term_string"}}],"inLanguage":"en-US"}]}},"_links":{"self":[{"href":"https:\/\/www.igema.net\/en\/wp-json\/wp\/v2\/pages\/4995","targetHints":{"allow":["GET"]}}],"collection":[{"href":"https:\/\/www.igema.net\/en\/wp-json\/wp\/v2\/pages"}],"about":[{"href":"https:\/\/www.igema.net\/en\/wp-json\/wp\/v2\/types\/page"}],"author":[{"embeddable":true,"href":"https:\/\/www.igema.net\/en\/wp-json\/wp\/v2\/users\/1"}],"replies":[{"embeddable":true,"href":"https:\/\/www.igema.net\/en\/wp-json\/wp\/v2\/comments?post=4995"}],"version-history":[{"count":1,"href":"https:\/\/www.igema.net\/en\/wp-json\/wp\/v2\/pages\/4995\/revisions"}],"predecessor-version":[{"id":4996,"href":"https:\/\/www.igema.net\/en\/wp-json\/wp\/v2\/pages\/4995\/revisions\/4996"}],"wp:attachment":[{"href":"https:\/\/www.igema.net\/en\/wp-json\/wp\/v2\/media?parent=4995"}],"curies":[{"name":"wp","href":"https:\/\/api.w.org\/{rel}","templated":true}]}}